{"id":31,"date":"2019-03-05T15:08:57","date_gmt":"2019-03-05T15:08:57","guid":{"rendered":"https:\/\/ackermanns.eu\/?page_id=31"},"modified":"2021-07-02T12:41:41","modified_gmt":"2021-07-02T12:41:41","slug":"impressum","status":"publish","type":"page","link":"https:\/\/ackermanns.eu\/index.php\/impressum\/","title":{"rendered":"Impressum"},"content":{"rendered":"\t\t<div data-elementor-type=\"wp-post\" data-elementor-id=\"31\" class=\"elementor elementor-31\">\n\t\t\t\t\t\t<div class=\"elementor-inner\">\n\t\t\t\t<div class=\"elementor-section-wrap\">\n\t\t\t\t\t\t\t\t\t<section class=\"elementor-section elementor-top-section elementor-element elementor-element-fe605ee elementor-section-boxed elementor-section-height-default elementor-section-height-default\" data-id=\"fe605ee\" data-element_type=\"section\" data-settings=\"{&quot;background_background&quot;:&quot;classic&quot;,&quot;shape_divider_top&quot;:&quot;mountains&quot;,&quot;shape_divider_bottom&quot;:&quot;mountains&quot;}\">\n\t\t\t\t\t\t\t<div class=\"elementor-background-overlay\"><\/div>\n\t\t\t\t\t\t<div class=\"elementor-shape elementor-shape-top\" data-negative=\"false\">\n\t\t\t<svg xmlns=\"http:\/\/www.w3.org\/2000\/svg\" viewBox=\"0 0 1000 100\" preserveAspectRatio=\"none\">\n\t<path class=\"elementor-shape-fill\" opacity=\"0.33\" d=\"M473,67.3c-203.9,88.3-263.1-34-320.3,0C66,119.1,0,59.7,0,59.7V0h1000v59.7 c0,0-62.1,26.1-94.9,29.3c-32.8,3.3-62.8-12.3-75.8-22.1C806,49.6,745.3,8.7,694.9,4.7S492.4,59,473,67.3z\"\/>\n\t<path class=\"elementor-shape-fill\" opacity=\"0.66\" d=\"M734,67.3c-45.5,0-77.2-23.2-129.1-39.1c-28.6-8.7-150.3-10.1-254,39.1 s-91.7-34.4-149.2,0C115.7,118.3,0,39.8,0,39.8V0h1000v36.5c0,0-28.2-18.5-92.1-18.5C810.2,18.1,775.7,67.3,734,67.3z\"\/>\n\t<path class=\"elementor-shape-fill\" d=\"M766.1,28.9c-200-57.5-266,65.5-395.1,19.5C242,1.8,242,5.4,184.8,20.6C128,35.8,132.3,44.9,89.9,52.5C28.6,63.7,0,0,0,0 h1000c0,0-9.9,40.9-83.6,48.1S829.6,47,766.1,28.9z\"\/>\n<\/svg>\t\t<\/div>\n\t\t\t\t<div class=\"elementor-shape elementor-shape-bottom\" data-negative=\"false\">\n\t\t\t<svg xmlns=\"http:\/\/www.w3.org\/2000\/svg\" viewBox=\"0 0 1000 100\" preserveAspectRatio=\"none\">\n\t<path class=\"elementor-shape-fill\" opacity=\"0.33\" d=\"M473,67.3c-203.9,88.3-263.1-34-320.3,0C66,119.1,0,59.7,0,59.7V0h1000v59.7 c0,0-62.1,26.1-94.9,29.3c-32.8,3.3-62.8-12.3-75.8-22.1C806,49.6,745.3,8.7,694.9,4.7S492.4,59,473,67.3z\"\/>\n\t<path class=\"elementor-shape-fill\" opacity=\"0.66\" d=\"M734,67.3c-45.5,0-77.2-23.2-129.1-39.1c-28.6-8.7-150.3-10.1-254,39.1 s-91.7-34.4-149.2,0C115.7,118.3,0,39.8,0,39.8V0h1000v36.5c0,0-28.2-18.5-92.1-18.5C810.2,18.1,775.7,67.3,734,67.3z\"\/>\n\t<path class=\"elementor-shape-fill\" d=\"M766.1,28.9c-200-57.5-266,65.5-395.1,19.5C242,1.8,242,5.4,184.8,20.6C128,35.8,132.3,44.9,89.9,52.5C28.6,63.7,0,0,0,0 h1000c0,0-9.9,40.9-83.6,48.1S829.6,47,766.1,28.9z\"\/>\n<\/svg>\t\t<\/div>\n\t\t\t\t\t<div class=\"elementor-container elementor-column-gap-default\">\n\t\t\t\t\t\t\t<div class=\"elementor-row\">\n\t\t\t\t\t<div class=\"elementor-column elementor-col-100 elementor-top-column elementor-element elementor-element-e03b31f\" data-id=\"e03b31f\" data-element_type=\"column\">\n\t\t\t<div class=\"elementor-column-wrap elementor-element-populated\">\n\t\t\t\t\t\t\t<div class=\"elementor-widget-wrap\">\n\t\t\t\t\t\t<div class=\"elementor-element elementor-element-c2db0fb elementor-widget__width-inherit animated-slow elementor-invisible elementor-widget elementor-widget-image\" data-id=\"c2db0fb\" data-element_type=\"widget\" data-settings=\"{&quot;_animation&quot;:&quot;zoomIn&quot;}\" data-widget_type=\"image.default\">\n\t\t\t\t<div class=\"elementor-widget-container\">\n\t\t\t\t\t\t\t\t<div class=\"elementor-image\">\n\t\t\t\t\t\t\t\t\t\t\t\t\t<a href=\"https:\/\/ackermanns.eu\/\">\n\t\t\t\t\t\t\t<img decoding=\"async\" src=\"https:\/\/ackermanns.eu\/wp-content\/uploads\/elementor\/thumbs\/Ackermann_Family_Logo_Unico-o4ffx8n26r11ijmji0flr5d53gjg4hadj390pbeeu6.png\" title=\"Ackermann_Family_Logo_Unico\" alt=\"Ackermann_Family_Logo_Unico\" \/>\t\t\t\t\t\t\t\t<\/a>\n\t\t\t\t\t\t\t\t\t\t\t\t\t\t<\/div>\n\t\t\t\t\t\t<\/div>\n\t\t\t\t<\/div>\n\t\t\t\t<div class=\"elementor-element elementor-element-62911e8 animated-slow elementor-invisible elementor-widget elementor-widget-image\" data-id=\"62911e8\" data-element_type=\"widget\" data-settings=\"{&quot;_animation&quot;:&quot;zoomIn&quot;,&quot;_animation_delay&quot;:2000}\" data-widget_type=\"image.default\">\n\t\t\t\t<div class=\"elementor-widget-container\">\n\t\t\t\t\t\t\t\t<div class=\"elementor-image\">\n\t\t\t\t\t\t\t\t\t\t\t\t<img decoding=\"async\" width=\"1600\" height=\"414\" src=\"https:\/\/ackermanns.eu\/wp-content\/uploads\/2021\/07\/Produktrange_Saft-Gluehwein_10-l-1.png\" class=\"attachment-full size-full\" alt=\"\" loading=\"lazy\" srcset=\"https:\/\/ackermanns.eu\/wp-content\/uploads\/2021\/07\/Produktrange_Saft-Gluehwein_10-l-1.png 1600w, https:\/\/ackermanns.eu\/wp-content\/uploads\/2021\/07\/Produktrange_Saft-Gluehwein_10-l-1-300x78.png 300w, https:\/\/ackermanns.eu\/wp-content\/uploads\/2021\/07\/Produktrange_Saft-Gluehwein_10-l-1-1024x265.png 1024w, https:\/\/ackermanns.eu\/wp-content\/uploads\/2021\/07\/Produktrange_Saft-Gluehwein_10-l-1-768x199.png 768w, https:\/\/ackermanns.eu\/wp-content\/uploads\/2021\/07\/Produktrange_Saft-Gluehwein_10-l-1-1536x397.png 1536w\" sizes=\"(max-width: 1600px) 100vw, 1600px\" \/>\t\t\t\t\t\t\t\t\t\t\t\t\t\t<\/div>\n\t\t\t\t\t\t<\/div>\n\t\t\t\t<\/div>\n\t\t\t\t<div class=\"elementor-element elementor-element-5e28fdf elementor-widget__width-initial elementor-absolute elementor-hidden-phone elementor-invisible elementor-widget elementor-widget-image\" data-id=\"5e28fdf\" data-element_type=\"widget\" data-settings=\"{&quot;_animation&quot;:&quot;fadeInLeft&quot;,&quot;_position&quot;:&quot;absolute&quot;}\" data-widget_type=\"image.default\">\n\t\t\t\t<div class=\"elementor-widget-container\">\n\t\t\t\t\t\t\t\t<div class=\"elementor-image\">\n\t\t\t\t\t\t\t\t\t\t\t\t<img decoding=\"async\" src=\"https:\/\/ackermanns.eu\/wp-content\/uploads\/elementor\/thumbs\/Fr\u00fcchte-rechts-p8esrnccsigchrwbuw8sdesuv68tnfb3yettbkt9ho.png\" title=\"Fr\u00fcchte-rechts\" alt=\"Fr\u00fcchte-rechts\" \/>\t\t\t\t\t\t\t\t\t\t\t\t\t\t<\/div>\n\t\t\t\t\t\t<\/div>\n\t\t\t\t<\/div>\n\t\t\t\t<div class=\"elementor-element elementor-element-2daa222 elementor-widget__width-initial elementor-absolute elementor-hidden-phone elementor-invisible elementor-widget elementor-widget-image\" data-id=\"2daa222\" data-element_type=\"widget\" data-settings=\"{&quot;_animation&quot;:&quot;fadeInLeft&quot;,&quot;_position&quot;:&quot;absolute&quot;}\" data-widget_type=\"image.default\">\n\t\t\t\t<div class=\"elementor-widget-container\">\n\t\t\t\t\t\t\t\t<div class=\"elementor-image\">\n\t\t\t\t\t\t\t\t\t\t\t\t<img decoding=\"async\" src=\"https:\/\/ackermanns.eu\/wp-content\/uploads\/elementor\/thumbs\/Fr\u00fcchte-links-p8esrwqr20fz2aricuyo51bz02oq05psb72vcvm024.png\" title=\"Fr\u00fcchte-links\" alt=\"Fr\u00fcchte-links\" \/>\t\t\t\t\t\t\t\t\t\t\t\t\t\t<\/div>\n\t\t\t\t\t\t<\/div>\n\t\t\t\t<\/div>\n\t\t\t\t\t\t<\/div>\n\t\t\t\t\t<\/div>\n\t\t<\/div>\n\t\t\t\t\t\t\t\t<\/div>\n\t\t\t\t\t<\/div>\n\t\t<\/section>\n\t\t\t\t<section class=\"elementor-section elementor-top-section elementor-element elementor-element-325e048 elementor-section-boxed elementor-section-height-default elementor-section-height-default\" data-id=\"325e048\" data-element_type=\"section\">\n\t\t\t\t\t\t<div class=\"elementor-container elementor-column-gap-default\">\n\t\t\t\t\t\t\t<div class=\"elementor-row\">\n\t\t\t\t\t<div class=\"elementor-column elementor-col-100 elementor-top-column elementor-element elementor-element-def0418\" data-id=\"def0418\" data-element_type=\"column\">\n\t\t\t<div class=\"elementor-column-wrap elementor-element-populated\">\n\t\t\t\t\t\t\t<div class=\"elementor-widget-wrap\">\n\t\t\t\t\t\t\t\t<\/div>\n\t\t\t\t\t<\/div>\n\t\t<\/div>\n\t\t\t\t\t\t\t\t<\/div>\n\t\t\t\t\t<\/div>\n\t\t<\/section>\n\t\t\t\t<section class=\"elementor-section elementor-top-section elementor-element elementor-element-82ba314 elementor-section-boxed elementor-section-height-default elementor-section-height-default\" data-id=\"82ba314\" data-element_type=\"section\">\n\t\t\t\t\t\t<div class=\"elementor-container elementor-column-gap-default\">\n\t\t\t\t\t\t\t<div class=\"elementor-row\">\n\t\t\t\t\t<div class=\"elementor-column elementor-col-100 elementor-top-column elementor-element elementor-element-b68333b\" data-id=\"b68333b\" data-element_type=\"column\">\n\t\t\t<div class=\"elementor-column-wrap elementor-element-populated\">\n\t\t\t\t\t\t\t<div class=\"elementor-widget-wrap\">\n\t\t\t\t\t\t<div class=\"elementor-element elementor-element-2434fc2 elementor-widget elementor-widget-text-editor\" data-id=\"2434fc2\" data-element_type=\"widget\" data-widget_type=\"text-editor.default\">\n\t\t\t\t<div class=\"elementor-widget-container\">\n\t\t\t\t\t\t\t\t<div class=\"elementor-text-editor elementor-clearfix\">\n\t\t\t\t<div class=\"row\">\n<div class=\"twelve column\">\n<h2 class=\"h3\">Angaben gem\u00e4\u00df \u00a7 5 TMG<\/h2>\n<p>Ackermann Solution GmbH<br>Reumtengr\u00fcner Hauptstra\u00dfe 68<br>08209 Auerbach\/Rebesgr\u00fcn<\/p>\n<\/div>\n<\/div>\n<div class=\"row\">\n<div class=\"six columns\">\n<h2 class=\"h3\">Vertreten durch&nbsp;<\/h2>\n<p>Gesch\u00e4ftsf\u00fchrerin Rita Ackermann<br>Reumtengr\u00fcner Hauptstra\u00dfe 68<br>08209 Auerbach\/Rebesgr\u00fcn<\/p>\n<\/div>\n<div class=\"six columns\">\n<h2 class=\"h3\">Kontakt<\/h2>\n<p>Telefon: 03744 182374<br>Telefax: 03744 182375<br>E-Mail: <a href=\"mailto:info@ackermanns.eu\">info(at)ackermanns.eu<\/a><\/p>\n<\/div>\n<\/div>\n<div class=\"row\">\n<div class=\"six columns\">\n<h2 class=\"h3\">Registereintrag<\/h2>\n<p>Eintragung im Handelsregister.<br>Registergericht: Registergericht: Chemnitz <br>Registernummer: HRB 27976<\/p>\n<\/div>\n<div class=\"six columns\">\n<h2 class=\"h3\">Umsatzsteuer<\/h2>\n<p>Umsatzsteuer-Identifikationsnummer gem\u00e4\u00df \u00a727 a Umsatzsteuergesetz:<br>DE 288223482<\/p>\n<\/div>\n<\/div>\n<div class=\"row\">\n<div class=\"twelve column\">\n<h2 class=\"h3\">Streitschlichtung<\/h2>\n<p>Die Europ\u00e4ische Kommission stellt eine Plattform zur Online-Streitbeilegung (OS) bereit: <a href=\"https:\/\/ec.europa.eu\/consumers\/odr\">https:\/\/ec.europa.eu\/consumers\/odr<\/a>.<br>Unsere E-Mail-Adresse finden Sie oben im Impressum.<\/p>\n<p>Wir sind nicht bereit oder verpflichtet, an Streitbeilegungsverfahren vor einer Verbraucherschlichtungsstelle teilzunehmen.<\/p>\n<\/div>\n<\/div>\n<div class=\"row\">\n<div class=\"twelve column\">\n<h2 class=\"h3\">Haftung f\u00fcr Inhalte<\/h2>\n<p>Als Diensteanbieter sind wir gem\u00e4\u00df \u00a7 7 Abs.1 TMG f\u00fcr eigene Inhalte auf diesen Seiten nach den allgemeinen Gesetzen verantwortlich. Nach \u00a7\u00a7 8 bis 10 TMG sind wir als Diensteanbieter jedoch nicht verpflichtet, \u00fcbermittelte oder gespeicherte fremde Informationen zu \u00fcberwachen oder nach Umst\u00e4nden zu forschen, die auf eine rechtswidrige T\u00e4tigkeit hinweisen.<\/p>\n<p>Verpflichtungen zur Entfernung oder Sperrung der Nutzung von Informationen nach den allgemeinen Gesetzen bleiben hiervon unber\u00fchrt. Eine diesbez\u00fcgliche Haftung ist jedoch erst ab dem Zeitpunkt der Kenntnis einer konkreten Rechtsverletzung m\u00f6glich. Bei Bekanntwerden von entsprechenden Rechtsverletzungen werden wir diese Inhalte umgehend entfernen.<\/p>\n<h2 class=\"h3\">Haftung f\u00fcr Links<\/h2>\n<p>Unser Angebot enth\u00e4lt Links zu externen Websites Dritter, auf deren Inhalte wir keinen Einfluss haben. Deshalb k\u00f6nnen wir f\u00fcr diese fremden Inhalte auch keine Gew\u00e4hr \u00fcbernehmen. F\u00fcr die Inhalte der verlinkten Seiten ist stets der jeweilige Anbieter oder Betreiber der Seiten verantwortlich. Die verlinkten Seiten wurden zum Zeitpunkt der Verlinkung auf m\u00f6gliche Rechtsverst\u00f6\u00dfe \u00fcberpr\u00fcft. Rechtswidrige Inhalte waren zum Zeitpunkt der Verlinkung nicht erkennbar.<\/p>\n<p>Eine permanente inhaltliche Kontrolle der verlinkten Seiten ist jedoch ohne konkrete Anhaltspunkte einer Rechtsverletzung nicht zumutbar. Bei Bekanntwerden von Rechtsverletzungen werden wir derartige Links umgehend entfernen.<\/p>\n<h2 class=\"h3\">Urheberrecht<\/h2>\n<p>Die durch die Seitenbetreiber erstellten Inhalte und Werke auf diesen Seiten unterliegen dem deutschen Urheberrecht. Die Vervielf\u00e4ltigung, Bearbeitung, Verbreitung und jede Art der Verwertung au\u00dferhalb der Grenzen des Urheberrechtes bed\u00fcrfen der schriftlichen Zustimmung des jeweiligen Autors bzw. Erstellers. Downloads und Kopien dieser Seite sind nur f\u00fcr den privaten, nicht kommerziellen Gebrauch gestattet.<\/p>\n<p>Soweit die Inhalte auf dieser Seite nicht vom Betreiber erstellt wurden, werden die Urheberrechte Dritter beachtet. Insbesondere werden Inhalte Dritter als solche gekennzeichnet. Sollten Sie trotzdem auf eine Urheberrechtsverletzung aufmerksam werden, bitten wir um einen entsprechenden Hinweis. Bei Bekanntwerden von Rechtsverletzungen werden wir derartige Inhalte umgehend entfernen<\/p>\n<\/div>\n<\/div>\t\t\t\t\t<\/div>\n\t\t\t\t\t\t<\/div>\n\t\t\t\t<\/div>\n\t\t\t\t\t\t<\/div>\n\t\t\t\t\t<\/div>\n\t\t<\/div>\n\t\t\t\t\t\t\t\t<\/div>\n\t\t\t\t\t<\/div>\n\t\t<\/section>\n\t\t\t\t\t\t\t\t\t<\/div>\n\t\t\t<\/div>\n\t\t\t\t\t<\/div>\n\t\t","protected":false},"excerpt":{"rendered":"<p>Angaben gem\u00e4\u00df \u00a7 5 TMG Ackermann Solution GmbHReumtengr\u00fcner Hauptstra\u00dfe 6808209 Auerbach\/Rebesgr\u00fcn Vertreten durch&nbsp; Gesch\u00e4ftsf\u00fchrerin Rita AckermannReumtengr\u00fcner Hauptstra\u00dfe 6808209 Auerbach\/Rebesgr\u00fcn Kontakt Telefon: 03744 182374Telefax: 03744 182375E-Mail: info(at)ackermanns.eu Registereintrag Eintragung im Handelsregister.Registergericht: Registergericht: Chemnitz Registernummer: HRB 27976 Umsatzsteuer Umsatzsteuer-Identifikationsnummer gem\u00e4\u00df \u00a727 a Umsatzsteuergesetz:DE 288223482 Streitschlichtung Die Europ\u00e4ische Kommission stellt eine Plattform zur Online-Streitbeilegung (OS) bereit: https:\/\/ec.europa.eu\/consumers\/odr.Unsere E-Mail-Adresse &hellip;<\/p>\n<p class=\"read-more\"> <a class=\"\" href=\"https:\/\/ackermanns.eu\/index.php\/impressum\/\"> <span class=\"screen-reader-text\">Impressum<\/span> Weiterlesen &raquo;<\/a><\/p>\n","protected":false},"author":1,"featured_media":0,"parent":0,"menu_order":0,"comment_status":"closed","ping_status":"closed","template":"","meta":{"site-sidebar-layout":"no-sidebar","site-content-layout":"page-builder","ast-global-header-display":"","ast-main-header-display":"disabled","ast-hfb-above-header-display":"","ast-hfb-below-header-display":"","ast-hfb-mobile-header-display":"","site-post-title":"disabled","ast-breadcrumbs-content":"","ast-featured-img":"disabled","footer-sml-layout":"","theme-transparent-header-meta":"default","adv-header-id-meta":"","stick-header-meta":"","header-above-stick-meta":"","header-main-stick-meta":"","header-below-stick-meta":""},"yoast_head":"<!-- This site is optimized with the Yoast SEO plugin v19.10 - https:\/\/yoast.com\/wordpress\/plugins\/seo\/ -->\n<title>Impressum - Ackermann family - Fruchts\u00e4fte aus dem Vogtland seit 1932<\/title>\n<meta name=\"robots\" content=\"index, follow, max-snippet:-1, max-image-preview:large, max-video-preview:-1\" \/>\n<link rel=\"canonical\" href=\"https:\/\/ackermanns.eu\/index.php\/impressum\/\" \/>\n<meta property=\"og:locale\" content=\"de_DE\" \/>\n<meta property=\"og:type\" content=\"article\" \/>\n<meta property=\"og:title\" content=\"Impressum - Ackermann family - Fruchts\u00e4fte aus dem Vogtland seit 1932\" \/>\n<meta property=\"og:description\" content=\"Angaben gem\u00e4\u00df \u00a7 5 TMG Ackermann Solution GmbHReumtengr\u00fcner Hauptstra\u00dfe 6808209 Auerbach\/Rebesgr\u00fcn Vertreten durch&nbsp; Gesch\u00e4ftsf\u00fchrerin Rita AckermannReumtengr\u00fcner Hauptstra\u00dfe 6808209 Auerbach\/Rebesgr\u00fcn Kontakt Telefon: 03744 182374Telefax: 03744 182375E-Mail: info(at)ackermanns.eu Registereintrag Eintragung im Handelsregister.Registergericht: Registergericht: Chemnitz Registernummer: HRB 27976 Umsatzsteuer Umsatzsteuer-Identifikationsnummer gem\u00e4\u00df \u00a727 a Umsatzsteuergesetz:DE 288223482 Streitschlichtung Die Europ\u00e4ische Kommission stellt eine Plattform zur Online-Streitbeilegung (OS) bereit: https:\/\/ec.europa.eu\/consumers\/odr.Unsere E-Mail-Adresse &hellip; Impressum Weiterlesen &raquo;\" \/>\n<meta property=\"og:url\" content=\"https:\/\/ackermanns.eu\/index.php\/impressum\/\" \/>\n<meta property=\"og:site_name\" content=\"Ackermann family - Fruchts\u00e4fte aus dem Vogtland seit 1932\" \/>\n<meta property=\"article:modified_time\" content=\"2021-07-02T12:41:41+00:00\" \/>\n<meta property=\"og:image\" content=\"https:\/\/ackermanns.eu\/wp-content\/uploads\/elementor\/thumbs\/Ackermann_Family_Logo_Unico-o4ffx8n26r11ijmji0flr5d53gjg4hadj390pbeeu6.png\" \/>\n<meta name=\"twitter:card\" content=\"summary_large_image\" \/>\n<meta name=\"twitter:label1\" content=\"Gesch\u00e4tzte Lesezeit\" \/>\n\t<meta name=\"twitter:data1\" content=\"3\u00a0Minuten\" \/>\n<script type=\"application\/ld+json\" class=\"yoast-schema-graph\">{\"@context\":\"https:\/\/schema.org\",\"@graph\":[{\"@type\":\"WebPage\",\"@id\":\"https:\/\/ackermanns.eu\/index.php\/impressum\/\",\"url\":\"https:\/\/ackermanns.eu\/index.php\/impressum\/\",\"name\":\"Impressum - Ackermann family - Fruchts\u00e4fte aus dem Vogtland seit 1932\",\"isPartOf\":{\"@id\":\"https:\/\/ackermanns.eu\/#website\"},\"datePublished\":\"2019-03-05T15:08:57+00:00\",\"dateModified\":\"2021-07-02T12:41:41+00:00\",\"breadcrumb\":{\"@id\":\"https:\/\/ackermanns.eu\/index.php\/impressum\/#breadcrumb\"},\"inLanguage\":\"de\",\"potentialAction\":[{\"@type\":\"ReadAction\",\"target\":[\"https:\/\/ackermanns.eu\/index.php\/impressum\/\"]}]},{\"@type\":\"BreadcrumbList\",\"@id\":\"https:\/\/ackermanns.eu\/index.php\/impressum\/#breadcrumb\",\"itemListElement\":[{\"@type\":\"ListItem\",\"position\":1,\"name\":\"Startseite\",\"item\":\"https:\/\/ackermanns.eu\/\"},{\"@type\":\"ListItem\",\"position\":2,\"name\":\"Impressum\"}]},{\"@type\":\"WebSite\",\"@id\":\"https:\/\/ackermanns.eu\/#website\",\"url\":\"https:\/\/ackermanns.eu\/\",\"name\":\"Ackermann family - Fruchts\u00e4fte aus dem Vogtland seit 1932\",\"description\":\"Fruchts\u00e4fte aus dem Vogtland seit 1932\",\"potentialAction\":[{\"@type\":\"SearchAction\",\"target\":{\"@type\":\"EntryPoint\",\"urlTemplate\":\"https:\/\/ackermanns.eu\/?s={search_term_string}\"},\"query-input\":\"required name=search_term_string\"}],\"inLanguage\":\"de\"}]}<\/script>\n<!-- \/ Yoast SEO plugin. -->","yoast_head_json":{"title":"Impressum - Ackermann family - Fruchts\u00e4fte aus dem Vogtland seit 1932","robots":{"index":"index","follow":"follow","max-snippet":"max-snippet:-1","max-image-preview":"max-image-preview:large","max-video-preview":"max-video-preview:-1"},"canonical":"https:\/\/ackermanns.eu\/index.php\/impressum\/","og_locale":"de_DE","og_type":"article","og_title":"Impressum - Ackermann family - Fruchts\u00e4fte aus dem Vogtland seit 1932","og_description":"Angaben gem\u00e4\u00df \u00a7 5 TMG Ackermann Solution GmbHReumtengr\u00fcner Hauptstra\u00dfe 6808209 Auerbach\/Rebesgr\u00fcn Vertreten durch&nbsp; Gesch\u00e4ftsf\u00fchrerin Rita AckermannReumtengr\u00fcner Hauptstra\u00dfe 6808209 Auerbach\/Rebesgr\u00fcn Kontakt Telefon: 03744 182374Telefax: 03744 182375E-Mail: info(at)ackermanns.eu Registereintrag Eintragung im Handelsregister.Registergericht: Registergericht: Chemnitz Registernummer: HRB 27976 Umsatzsteuer Umsatzsteuer-Identifikationsnummer gem\u00e4\u00df \u00a727 a Umsatzsteuergesetz:DE 288223482 Streitschlichtung Die Europ\u00e4ische Kommission stellt eine Plattform zur Online-Streitbeilegung (OS) bereit: https:\/\/ec.europa.eu\/consumers\/odr.Unsere E-Mail-Adresse &hellip; Impressum Weiterlesen &raquo;","og_url":"https:\/\/ackermanns.eu\/index.php\/impressum\/","og_site_name":"Ackermann family - Fruchts\u00e4fte aus dem Vogtland seit 1932","article_modified_time":"2021-07-02T12:41:41+00:00","og_image":[{"url":"https:\/\/ackermanns.eu\/wp-content\/uploads\/elementor\/thumbs\/Ackermann_Family_Logo_Unico-o4ffx8n26r11ijmji0flr5d53gjg4hadj390pbeeu6.png"}],"twitter_card":"summary_large_image","twitter_misc":{"Gesch\u00e4tzte Lesezeit":"3\u00a0Minuten"},"schema":{"@context":"https:\/\/schema.org","@graph":[{"@type":"WebPage","@id":"https:\/\/ackermanns.eu\/index.php\/impressum\/","url":"https:\/\/ackermanns.eu\/index.php\/impressum\/","name":"Impressum - Ackermann family - Fruchts\u00e4fte aus dem Vogtland seit 1932","isPartOf":{"@id":"https:\/\/ackermanns.eu\/#website"},"datePublished":"2019-03-05T15:08:57+00:00","dateModified":"2021-07-02T12:41:41+00:00","breadcrumb":{"@id":"https:\/\/ackermanns.eu\/index.php\/impressum\/#breadcrumb"},"inLanguage":"de","potentialAction":[{"@type":"ReadAction","target":["https:\/\/ackermanns.eu\/index.php\/impressum\/"]}]},{"@type":"BreadcrumbList","@id":"https:\/\/ackermanns.eu\/index.php\/impressum\/#breadcrumb","itemListElement":[{"@type":"ListItem","position":1,"name":"Startseite","item":"https:\/\/ackermanns.eu\/"},{"@type":"ListItem","position":2,"name":"Impressum"}]},{"@type":"WebSite","@id":"https:\/\/ackermanns.eu\/#website","url":"https:\/\/ackermanns.eu\/","name":"Ackermann family - Fruchts\u00e4fte aus dem Vogtland seit 1932","description":"Fruchts\u00e4fte aus dem Vogtland seit 1932","potentialAction":[{"@type":"SearchAction","target":{"@type":"EntryPoint","urlTemplate":"https:\/\/ackermanns.eu\/?s={search_term_string}"},"query-input":"required name=search_term_string"}],"inLanguage":"de"}]}},"_links":{"self":[{"href":"https:\/\/ackermanns.eu\/index.php\/wp-json\/wp\/v2\/pages\/31"}],"collection":[{"href":"https:\/\/ackermanns.eu\/index.php\/wp-json\/wp\/v2\/pages"}],"about":[{"href":"https:\/\/ackermanns.eu\/index.php\/wp-json\/wp\/v2\/types\/page"}],"author":[{"embeddable":true,"href":"https:\/\/ackermanns.eu\/index.php\/wp-json\/wp\/v2\/users\/1"}],"replies":[{"embeddable":true,"href":"https:\/\/ackermanns.eu\/index.php\/wp-json\/wp\/v2\/comments?post=31"}],"version-history":[{"count":6,"href":"https:\/\/ackermanns.eu\/index.php\/wp-json\/wp\/v2\/pages\/31\/revisions"}],"predecessor-version":[{"id":576,"href":"https:\/\/ackermanns.eu\/index.php\/wp-json\/wp\/v2\/pages\/31\/revisions\/576"}],"wp:attachment":[{"href":"https:\/\/ackermanns.eu\/index.php\/wp-json\/wp\/v2\/media?parent=31"}],"curies":[{"name":"wp","href":"https:\/\/api.w.org\/{rel}","templated":true}]}}